{"id":303,"date":"2020-05-26T09:13:15","date_gmt":"2020-05-26T09:13:15","guid":{"rendered":"https:\/\/stockholm42.qodeinteractive.com\/?page_id=19"},"modified":"2025-12-17T02:54:15","modified_gmt":"2025-12-17T02:54:15","slug":"contact-2","status":"publish","type":"page","link":"https:\/\/laromlara.com\/?page_id=303","title":{"rendered":"Contact"},"content":{"rendered":"\t\t<div data-elementor-type=\"wp-page\" data-elementor-id=\"303\" class=\"elementor elementor-303\" data-elementor-post-type=\"page\">\n\t\t\t\t\t\t<section class=\"elementor-section elementor-top-section elementor-element elementor-element-2dcf803 elementor-section-full_width qode_elementor_container_inner elementor-section-height-default elementor-section-height-default parallax_section_no qode-content-aligment-left\" data-id=\"2dcf803\" data-element_type=\"section\" data-e-type=\"section\">\n\t\t\t\t\t\t<div class=\"elementor-container elementor-column-gap-default\">\n\t\t\t\t\t<div class=\"elementor-column elementor-col-50 elementor-top-column elementor-element elementor-element-a5a88c8\" data-id=\"a5a88c8\" data-element_type=\"column\" data-e-type=\"column\">\n\t\t\t<div class=\"elementor-widget-wrap elementor-element-populated\">\n\t\t\t\t\t\t<div class=\"elementor-element elementor-element-b3783e8 elementor-widget elementor-widget-text-editor\" data-id=\"b3783e8\" data-element_type=\"widget\" data-e-type=\"widget\" data-widget_type=\"text-editor.default\">\n\t\t\t\t\t\t\t\t\t<h1>LI\u00caN H\u1ec6\u00a0<\/h1>\t\t\t\t\t\t\t\t<\/div>\n\t\t\t\t<div class=\"elementor-element elementor-element-ed15cf3 elementor-widget elementor-widget-text-editor\" data-id=\"ed15cf3\" data-element_type=\"widget\" data-e-type=\"widget\" data-widget_type=\"text-editor.default\">\n\t\t\t\t\t\t\t\t\t<p>N\u1ebfu b\u1ea1n \u0111ang t\u00ecm ki\u1ebfm m\u1ed9t gi\u1ea3i ph\u00e1p kh\u00e1c bi\u1ec7t cho s\u1ea3n ph\u1ea9m c\u1ee7a m\u00ecnh h\u00e3y Li\u00ean h\u1ec7 v\u1edbi R\u1ea1.\u00a0<\/p>\t\t\t\t\t\t\t\t<\/div>\n\t\t\t\t<div class=\"elementor-element elementor-element-2b80cb4 elementor-widget elementor-widget-text-editor\" data-id=\"2b80cb4\" data-element_type=\"widget\" data-e-type=\"widget\" data-widget_type=\"text-editor.default\">\n\t\t\t\t\t\t\t\t\t<p><a href=\"mailto:laromlara@gmail.com\">Laromlara@gmail.com<\/a><\/p>\t\t\t\t\t\t\t\t<\/div>\n\t\t\t\t<div class=\"elementor-element elementor-element-06300b2 elementor-widget elementor-widget-text-editor\" data-id=\"06300b2\" data-element_type=\"widget\" data-e-type=\"widget\" data-widget_type=\"text-editor.default\">\n\t\t\t\t\t\t\t\t\t<p>59A &#8211; Nguy\u1ec5n V\u0103n C\u1eeb &#8211; Di Linh &#8211; L\u00e2m \u0110\u1ed3ng\u00a0<\/p>\t\t\t\t\t\t\t\t<\/div>\n\t\t\t\t<div class=\"elementor-element elementor-element-ff35ca1 elementor-widget elementor-widget-text-editor\" data-id=\"ff35ca1\" data-element_type=\"widget\" data-e-type=\"widget\" data-widget_type=\"text-editor.default\">\n\t\t\t\t\t\t\t\t\t<p><a href=\"tel:+123467897\">+84975687893<\/a><\/p>\t\t\t\t\t\t\t\t<\/div>\n\t\t\t\t\t<\/div>\n\t\t<\/div>\n\t\t\t\t<div class=\"elementor-column elementor-col-50 elementor-top-column elementor-element elementor-element-a6ac3a8\" data-id=\"a6ac3a8\" data-element_type=\"column\" data-e-type=\"column\">\n\t\t\t<div class=\"elementor-widget-wrap elementor-element-populated\">\n\t\t\t\t\t\t<div class=\"elementor-element elementor-element-c4103eb elementor-widget elementor-widget-stockholm_cf_7\" data-id=\"c4103eb\" data-element_type=\"widget\" data-e-type=\"widget\" data-widget_type=\"stockholm_cf_7.default\">\n\t\t\t\t<div class=\"elementor-widget-container\">\n\t\t\t\t\t    <div class=\"qode-contact-form-7 qode-contact-form-7-0\">\n    \n<div class=\"wpcf7 no-js\" id=\"wpcf7-f137-o1\" lang=\"en-US\" dir=\"ltr\" data-wpcf7-id=\"137\">\n<div class=\"screen-reader-response\"><p role=\"status\" aria-live=\"polite\" aria-atomic=\"true\"><\/p> <ul><\/ul><\/div>\n<form action=\"\/index.php?rest_route=%2Fwp%2Fv2%2Fpages%2F303#wpcf7-f137-o1\" method=\"post\" class=\"wpcf7-form init cf7_custom_style_1\" aria-label=\"Contact form\" novalidate=\"novalidate\" data-status=\"init\">\n<fieldset class=\"hidden-fields-container\"><input type=\"hidden\" name=\"_wpcf7\" value=\"137\" \/><input type=\"hidden\" name=\"_wpcf7_version\" value=\"6.1.5\" \/><input type=\"hidden\" name=\"_wpcf7_locale\" value=\"en_US\" \/><input type=\"hidden\" name=\"_wpcf7_unit_tag\" value=\"wpcf7-f137-o1\" \/><input type=\"hidden\" name=\"_wpcf7_container_post\" value=\"0\" \/><input type=\"hidden\" name=\"_wpcf7_posted_data_hash\" value=\"\" \/>\n<\/fieldset>\n<div class=\"two_columns_50_50 clearfix\">\n\t<div class=\"column1\">\n\t\t<div class=\"column_inner\">\n\t\t\t<p><span class=\"wpcf7-form-control-wrap\" data-name=\"first-name\"><input size=\"40\" maxlength=\"400\" class=\"wpcf7-form-control wpcf7-text wpcf7-validates-as-required\" aria-required=\"true\" aria-invalid=\"false\" placeholder=\"Name\" value=\"\" type=\"text\" name=\"first-name\" \/><\/span>\n\t\t\t<\/p>\n\t\t<\/div>\n\t<\/div>\n\t<div class=\"column2\">\n\t\t<div class=\"column_inner\">\n\t\t\t<p><span class=\"wpcf7-form-control-wrap\" data-name=\"last-name\"><input size=\"40\" maxlength=\"400\" class=\"wpcf7-form-control wpcf7-email wpcf7-validates-as-required wpcf7-text wpcf7-validates-as-email\" aria-required=\"true\" aria-invalid=\"false\" placeholder=\"E-mail\" value=\"\" type=\"email\" name=\"last-name\" \/><\/span>\n\t\t\t<\/p>\n\t\t<\/div>\n\t<\/div>\n<\/div>\n<div>\n\t<p><span class=\"wpcf7-form-control-wrap\" data-name=\"your-message\"><textarea cols=\"40\" rows=\"10\" maxlength=\"2000\" class=\"wpcf7-form-control wpcf7-textarea wpcf7-validates-as-required\" aria-required=\"true\" aria-invalid=\"false\" placeholder=\"Message\" name=\"your-message\"><\/textarea><\/span>\n\t<\/p>\n<\/div>\n<div>\n\t<p><input class=\"wpcf7-form-control wpcf7-submit has-spinner\" type=\"submit\" value=\"Submit\" \/>\n\t<\/p>\n<\/div><div class=\"wpcf7-response-output\" aria-hidden=\"true\"><\/div>\n<\/form>\n<\/div>\n    <\/div>\n\t\t\t\t<\/div>\n\t\t\t\t<\/div>\n\t\t\t\t\t<\/div>\n\t\t<\/div>\n\t\t\t\t\t<\/div>\n\t\t<\/section>\n\t\t\t\t<section class=\"elementor-section elementor-top-section elementor-element elementor-element-ee8dc2e elementor-section-full_width elementor-section-height-default elementor-section-height-default parallax_section_no qode_elementor_container_no qode-content-aligment-left\" data-id=\"ee8dc2e\" data-element_type=\"section\" data-e-type=\"section\">\n\t\t\t\t\t\t<div class=\"elementor-container elementor-column-gap-default\">\n\t\t\t\t\t<div class=\"elementor-column elementor-col-100 elementor-top-column elementor-element elementor-element-7e72df7\" data-id=\"7e72df7\" data-element_type=\"column\" data-e-type=\"column\">\n\t\t\t<div class=\"elementor-widget-wrap elementor-element-populated\">\n\t\t\t\t\t\t<div class=\"elementor-element elementor-element-195b2ab elementor-widget elementor-widget-qode_google_map\" data-id=\"195b2ab\" data-element_type=\"widget\" data-e-type=\"widget\" data-widget_type=\"qode_google_map.default\">\n\t\t\t\t<div class=\"elementor-widget-container\">\n\t\t\t\t\t<div class=\"qode-google-map-holder\">\n\t<div class=\"qode-google-map\" id=\"qode-map-2906905\" data-addresses='[\"2834 Heath Ave, The Bronx, NY 10463, United States\"]' data-custom-map-style=no data-color-overlay=#393939 data-saturation=-100 data-lightness=-60 data-zoom=17 data-pin=https:\/\/laromlara.com\/wp-content\/uploads\/2020\/07\/Pin-1.png data-unique-id=2906905 data-scroll-wheel=no data-height=482  data-snazzy-map-style=yes><\/div>\n\t\t\t<div class=\"qode-google-map-overlay\"><\/div>\n\t            <input type=\"hidden\" class=\"qode-snazzy-map\" value=\"`{`\n    {\n        ``featureType``: ``administrative``,\n        ``elementType``: ``labels.text.fill``,\n        ``stylers``: `{`\n            {\n                ``color``: ``#444444``\n            }\n        `}`\n    },\n    {\n        ``featureType``: ``landscape``,\n        ``elementType``: ``all``,\n        ``stylers``: `{`\n            {\n                ``color``: ``#f8f5f2``\n            }\n        `}`\n    },\n    {\n        ``featureType``: ``poi``,\n        ``elementType``: ``all``,\n        ``stylers``: `{`\n            {\n                ``visibility``: ``off``\n            }\n        `}`\n    },\n    {\n        ``featureType``: ``road``,\n        ``elementType``: ``all``,\n        ``stylers``: `{`\n            {\n                ``saturation``: -100\n            },\n            {\n                ``lightness``: 45\n            }\n        `}`\n    },\n    {\n        ``featureType``: ``road``,\n        ``elementType``: ``geometry.fill``,\n        ``stylers``: `{`\n            {\n                ``color``: ``#d3e9ef``\n            }\n        `}`\n    },\n    {\n        ``featureType``: ``road``,\n        ``elementType``: ``labels.text.fill``,\n        ``stylers``: `{`\n            {\n                ``color``: ``#000000``\n            }\n        `}`\n    },\n    {\n        ``featureType``: ``road.highway``,\n        ``elementType``: ``all``,\n        ``stylers``: `{`\n            {\n                ``visibility``: ``simplified``\n            }\n        `}`\n    },\n    {\n        ``featureType``: ``road.arterial``,\n        ``elementType``: ``labels.icon``,\n        ``stylers``: `{`\n            {\n                ``visibility``: ``off``\n            }\n        `}`\n    },\n    {\n        ``featureType``: ``transit``,\n        ``elementType``: ``all``,\n        ``stylers``: `{`\n            {\n                ``visibility``: ``off``\n            }\n        `}`\n    },\n    {\n        ``featureType``: ``water``,\n        ``elementType``: ``all``,\n        ``stylers``: `{`\n            {\n                ``color``: ``#c1dbe8``\n            },\n            {\n                ``visibility``: ``on``\n            }\n        `}`\n    }\n`}`\"\/>\n        <\/div>\t\t\t\t<\/div>\n\t\t\t\t<\/div>\n\t\t\t\t\t<\/div>\n\t\t<\/div>\n\t\t\t\t\t<\/div>\n\t\t<\/section>\n\t\t\t\t<\/div>\n\t\t","protected":false},"excerpt":{"rendered":"<p>LI\u00caN H\u1ec6\u00a0 N\u1ebfu b\u1ea1n \u0111ang t\u00ecm ki\u1ebfm m\u1ed9t gi\u1ea3i ph\u00e1p kh\u00e1c bi\u1ec7t cho s\u1ea3n ph\u1ea9m c\u1ee7a m\u00ecnh h\u00e3y Li\u00ean h\u1ec7 v\u1edbi R\u1ea1.\u00a0 Laromlara@gmail.com 59A &#8211; Nguy\u1ec5n V\u0103n C\u1eeb &#8211; Di Linh &#8211; L\u00e2m \u0110\u1ed3ng\u00a0 +84975687893<\/p>\n","protected":false},"author":1,"featured_media":0,"parent":0,"menu_order":0,"comment_status":"closed","ping_status":"closed","template":"full_width.php","meta":{"footnotes":""},"class_list":["post-303","page","type-page","status-publish","hentry"],"_links":{"self":[{"href":"https:\/\/laromlara.com\/index.php?rest_route=\/wp\/v2\/pages\/303","targetHints":{"allow":["GET"]}}],"collection":[{"href":"https:\/\/laromlara.com\/index.php?rest_route=\/wp\/v2\/pages"}],"about":[{"href":"https:\/\/laromlara.com\/index.php?rest_route=\/wp\/v2\/types\/page"}],"author":[{"embeddable":true,"href":"https:\/\/laromlara.com\/index.php?rest_route=\/wp\/v2\/users\/1"}],"replies":[{"embeddable":true,"href":"https:\/\/laromlara.com\/index.php?rest_route=%2Fwp%2Fv2%2Fcomments&post=303"}],"version-history":[{"count":3,"href":"https:\/\/laromlara.com\/index.php?rest_route=\/wp\/v2\/pages\/303\/revisions"}],"predecessor-version":[{"id":572,"href":"https:\/\/laromlara.com\/index.php?rest_route=\/wp\/v2\/pages\/303\/revisions\/572"}],"wp:attachment":[{"href":"https:\/\/laromlara.com\/index.php?rest_route=%2Fwp%2Fv2%2Fmedia&parent=303"}],"curies":[{"name":"wp","href":"https:\/\/api.w.org\/{rel}","templated":true}]}}